{"id":70,"date":"2023-03-29T07:54:00","date_gmt":"2023-03-29T07:54:00","guid":{"rendered":"http:\/\/econtainersolutions.com\/?page_id=70"},"modified":"2024-06-27T11:29:19","modified_gmt":"2024-06-27T11:29:19","slug":"empresa","status":"publish","type":"page","link":"https:\/\/econtainersolutions.com\/?page_id=70","title":{"rendered":"Empresa"},"content":{"rendered":"\n[et_pb_section fb_built=\u00bb1&#8243; admin_label=\u00bbHero\u00bb _builder_version=\u00bb4.20.0&#8243; use_background_color_gradient=\u00bbon\u00bb background_color_gradient_type=\u00bbcircular\u00bb background_color_gradient_direction_radial=\u00bbtop left\u00bb background_color_gradient_stops=\u00bbrgba(40,40,40,0.79) 0%|rgba(40,40,40,0.86) 100%\u00bb background_color_gradient_overlays_image=\u00bbon\u00bb background_color_gradient_start=\u00bbrgba(40,40,40,0.79)\u00bb background_color_gradient_end=\u00bbrgba(40,40,40,0.86)\u00bb background_image=\u00bbhttp:\/\/econtainersolutions.com\/wp-content\/uploads\/2023\/03\/Ingenieria4.jpg\u00bb custom_margin=\u00bb||||false\u00bb custom_padding=\u00bb6vw||6vw||true|false\u00bb global_colors_info=\u00bb{}\u00bb][et_pb_row column_structure=\u00bb2_3,1_3&#8243; _builder_version=\u00bb4.16&#8243; global_colors_info=\u00bb{}\u00bb][et_pb_column type=\u00bb2_3&#8243; _builder_version=\u00bb4.16&#8243; custom_padding=\u00bb|||\u00bb global_colors_info=\u00bb{}\u00bb custom_padding__hover=\u00bb|||\u00bb][et_pb_text _builder_version=\u00bb4.16&#8243; text_font=\u00bb||||||||\u00bb header_font=\u00bbRubik|700|||||||\u00bb header_font_size=\u00bb64px\u00bb header_line_height=\u00bb1.1em\u00bb background_layout=\u00bbdark\u00bb max_width=\u00bb800px\u00bb custom_margin=\u00bb||0px|\u00bb custom_padding=\u00bb|||16px\u00bb text_font_size_tablet=\u00bb14px\u00bb text_font_size_last_edited=\u00bboff|desktop\u00bb header_font_size_tablet=\u00bb44px\u00bb header_font_size_phone=\u00bb32px\u00bb header_font_size_last_edited=\u00bbon|phone\u00bb border_color_all=\u00bb#ffb400&#8243; border_width_left=\u00bb10px\u00bb global_colors_info=\u00bb{}\u00bb]<h1>Sobre nosotros<\/h1>[\/et_pb_text][et_pb_text _builder_version=\u00bb4.16&#8243; text_font=\u00bb||||||||\u00bb text_font_size=\u00bb22px\u00bb text_line_height=\u00bb1.6em\u00bb header_font=\u00bb||||||||\u00bb background_layout=\u00bbdark\u00bb max_width=\u00bb800px\u00bb custom_margin=\u00bb|||\u00bb custom_padding=\u00bb20px||20px||true\u00bb text_font_size_tablet=\u00bb18px\u00bb text_font_size_phone=\u00bb\u00bb text_font_size_last_edited=\u00bbon|phone\u00bb global_colors_info=\u00bb{}\u00bb]<p><span>Empresa dedicada a la transformaci\u00f3n e integraci\u00f3n de contenedores mar\u00edtimos.<\/span><\/p>[\/et_pb_text][et_pb_button button_url=\u00bbhttp:\/\/econtainersolutions.com\/?page_id=76&#8243; button_text=\u00bbNuestros proyectos\u00bb _builder_version=\u00bb4.20.0&#8243; custom_button=\u00bbon\u00bb button_text_size=\u00bb14px\u00bb button_bg_color=\u00bb#ffb400&#8243; button_border_width=\u00bb12px\u00bb button_border_color=\u00bb#ffb400&#8243; button_border_radius=\u00bb0px\u00bb button_letter_spacing=\u00bb4px\u00bb button_font=\u00bbRubik|700||on|||||\u00bb button_icon=\u00bb&#x24;||divi||400&#8243; background_layout=\u00bbdark\u00bb custom_margin=\u00bb|||\u00bb global_colors_info=\u00bb{}\u00bb button_text_size__hover_enabled=\u00bboff\u00bb button_one_text_size__hover_enabled=\u00bboff\u00bb button_two_text_size__hover_enabled=\u00bboff\u00bb button_text_color__hover_enabled=\u00bboff\u00bb button_one_text_color__hover_enabled=\u00bboff\u00bb button_two_text_color__hover_enabled=\u00bboff\u00bb button_border_width__hover_enabled=\u00bboff\u00bb button_one_border_width__hover_enabled=\u00bboff\u00bb button_two_border_width__hover_enabled=\u00bboff\u00bb button_border_color__hover_enabled=\u00bboff\u00bb button_one_border_color__hover_enabled=\u00bboff\u00bb button_two_border_color__hover_enabled=\u00bboff\u00bb button_border_radius__hover_enabled=\u00bboff\u00bb button_one_border_radius__hover_enabled=\u00bboff\u00bb button_two_border_radius__hover_enabled=\u00bboff\u00bb button_letter_spacing__hover_enabled=\u00bboff\u00bb button_one_letter_spacing__hover_enabled=\u00bboff\u00bb button_two_letter_spacing__hover_enabled=\u00bboff\u00bb button_bg_color__hover_enabled=\u00bboff\u00bb button_one_bg_color__hover_enabled=\u00bboff\u00bb button_two_bg_color__hover_enabled=\u00bboff\u00bb][\/et_pb_button][\/et_pb_column][et_pb_column type=\u00bb1_3&#8243; _builder_version=\u00bb4.16&#8243; custom_padding=\u00bb|||\u00bb global_colors_info=\u00bb{}\u00bb custom_padding__hover=\u00bb|||\u00bb][et_pb_text _builder_version=\u00bb4.20.0&#8243; text_font=\u00bb||||||||\u00bb header_font=\u00bb||||||||\u00bb header_2_font=\u00bbRubik|700|||||||\u00bb header_2_text_color=\u00bb#ffb400&#8243; header_2_font_size=\u00bb32px\u00bb header_2_line_height=\u00bb1.2em\u00bb custom_margin=\u00bb|||\u00bb custom_padding=\u00bb|||\u00bb header_2_font_size_last_edited=\u00bboff|desktop\u00bb global_colors_info=\u00bb{}\u00bb]<h2>Lo que hacemos:<\/h2>[\/et_pb_text][et_pb_blurb title=\u00bbProyectos completos\u00bb image=\u00bbhttp:\/\/econtainersolutions.com\/wp-content\/uploads\/2023\/03\/construction-icon-7-yellow.png\u00bb icon_placement=\u00bbleft\u00bb image_icon_width=\u00bb64px\u00bb content_max_width=\u00bb1100px\u00bb content_max_width_tablet=\u00bb1100px\u00bb content_max_width_last_edited=\u00bboff|desktop\u00bb _builder_version=\u00bb4.16&#8243; header_font=\u00bbRubik|700|||||||\u00bb header_line_height=\u00bb1.4em\u00bb body_font=\u00bb||||||||\u00bb body_font_size=\u00bb15px\u00bb body_line_height=\u00bb1.8em\u00bb background_layout=\u00bbdark\u00bb custom_margin=\u00bb|||\u00bb custom_padding=\u00bb|||\u00bb animation_style=\u00bbslide\u00bb animation_direction=\u00bbright\u00bb animation_intensity_slide=\u00bb10%\u00bb animation=\u00bboff\u00bb image_max_width=\u00bb64px\u00bb global_colors_info=\u00bb{}\u00bb]<p><span>Definimos las mejores soluciones con dise\u00f1os innovadores.<\/span><\/p>[\/et_pb_blurb][et_pb_blurb title=\u00bbTecnolog\u00edas punteras\u00bb image=\u00bbhttp:\/\/econtainersolutions.com\/wp-content\/uploads\/2023\/03\/construction-icon-5-yellow-1.png\u00bb icon_placement=\u00bbleft\u00bb image_icon_width=\u00bb64px\u00bb content_max_width=\u00bb1100px\u00bb content_max_width_tablet=\u00bb1100px\u00bb content_max_width_last_edited=\u00bboff|desktop\u00bb _builder_version=\u00bb4.20.0&#8243; header_font=\u00bbRubik|700|||||||\u00bb header_line_height=\u00bb1.4em\u00bb body_font=\u00bb||||||||\u00bb body_font_size=\u00bb15px\u00bb body_line_height=\u00bb1.8em\u00bb background_layout=\u00bbdark\u00bb custom_margin=\u00bb|||\u00bb custom_padding=\u00bb|||\u00bb animation_style=\u00bbslide\u00bb animation_direction=\u00bbright\u00bb animation_intensity_slide=\u00bb10%\u00bb animation=\u00bboff\u00bb image_max_width=\u00bb64px\u00bb global_colors_info=\u00bb{}\u00bb]<p><span>Capaces de integrarlas en una soluci\u00f3n espacial.<\/span><\/p>[\/et_pb_blurb][et_pb_blurb title=\u00bbDise\u00f1o personalizado\u00bb image=\u00bbhttp:\/\/econtainersolutions.com\/wp-content\/uploads\/2023\/03\/construction-icon-6-yellow.png\u00bb icon_placement=\u00bbleft\u00bb image_icon_width=\u00bb64px\u00bb content_max_width=\u00bb1100px\u00bb content_max_width_tablet=\u00bb1100px\u00bb content_max_width_last_edited=\u00bboff|desktop\u00bb _builder_version=\u00bb4.20.0&#8243; header_font=\u00bbRubik|700|||||||\u00bb header_line_height=\u00bb1.4em\u00bb body_font=\u00bb||||||||\u00bb body_font_size=\u00bb15px\u00bb body_line_height=\u00bb1.8em\u00bb background_layout=\u00bbdark\u00bb custom_margin=\u00bb|||\u00bb custom_padding=\u00bb|||\u00bb animation_style=\u00bbslide\u00bb animation_direction=\u00bbright\u00bb animation_delay=\u00bb200ms\u00bb animation_intensity_slide=\u00bb10%\u00bb animation=\u00bboff\u00bb image_max_width=\u00bb64px\u00bb global_colors_info=\u00bb{}\u00bb]<p><span>A partir de una idea o un esbozo de nuestros clientes.<\/span><\/p>[\/et_pb_blurb][\/et_pb_column][\/et_pb_row][\/et_pb_section][et_pb_section fb_built=\u00bb1&#8243; admin_label=\u00bbAbout Us\u00bb _builder_version=\u00bb4.16&#8243; custom_padding=\u00bb||5px|||\u00bb global_colors_info=\u00bb{}\u00bb][et_pb_row _builder_version=\u00bb4.16&#8243; global_colors_info=\u00bb{}\u00bb][et_pb_column type=\u00bb4_4&#8243; _builder_version=\u00bb4.16&#8243; custom_padding=\u00bb|||\u00bb global_colors_info=\u00bb{}\u00bb custom_padding__hover=\u00bb|||\u00bb][et_pb_text _builder_version=\u00bb4.16&#8243; text_font=\u00bb||||||||\u00bb header_font=\u00bb||||||||\u00bb header_2_font=\u00bbRubik|700|||||||\u00bb header_2_font_size=\u00bb42px\u00bb header_2_line_height=\u00bb1.2em\u00bb text_orientation=\u00bbcenter\u00bb module_alignment=\u00bbcenter\u00bb custom_margin=\u00bb|||\u00bb custom_padding=\u00bb|||\u00bb header_2_font_size_tablet=\u00bb\u00bb header_2_font_size_phone=\u00bb36px\u00bb header_2_font_size_last_edited=\u00bbon|phone\u00bb locked=\u00bboff\u00bb global_colors_info=\u00bb{}\u00bb]<h2>Origen<\/h2>[\/et_pb_text][et_pb_divider color=\u00bb#ffb400&#8243; divider_position=\u00bbcenter\u00bb divider_weight=\u00bb5px\u00bb _builder_version=\u00bb4.16&#8243; max_width=\u00bb50px\u00bb module_alignment=\u00bbcenter\u00bb locked=\u00bboff\u00bb global_colors_info=\u00bb{}\u00bb][\/et_pb_divider][\/et_pb_column][\/et_pb_row][et_pb_row column_structure=\u00bb1_2,1_2&#8243; _builder_version=\u00bb4.16&#8243; global_colors_info=\u00bb{}\u00bb][et_pb_column type=\u00bb1_2&#8243; _builder_version=\u00bb4.16&#8243; custom_padding=\u00bb|||\u00bb global_colors_info=\u00bb{}\u00bb custom_padding__hover=\u00bb|||\u00bb][et_pb_text _builder_version=\u00bb4.20.0&#8243; text_font=\u00bb||||||||\u00bb text_font_size=\u00bb15px\u00bb text_line_height=\u00bb1.8em\u00bb min_height=\u00bb168px\u00bb custom_margin=\u00bb0px||-43px||false|false\u00bb custom_padding=\u00bb||5px|||\u00bb custom_padding_tablet=\u00bb|40px||40px||true\u00bb custom_padding_last_edited=\u00bboff|desktop\u00bb global_colors_info=\u00bb{}\u00bb]<blockquote><\/blockquote>\n<p style=\"text-align: justify;\"><span style=\"font-size: large;\">Energy<strong> Container Solutions<\/strong><\/span><span><span style=\"font-size: large;\">\u00a0nace en el a\u00f1o 2013 para dar respuesta a\u00a0 la necesidad creciente de proveer\u00a0soluciones de despliegue r\u00e1pido con un alto nivel de calidad a instalaciones, inicialmente, relacionadas con las diferentes energ\u00edas renovables<\/span>.<\/span><\/p>\n<blockquote><\/blockquote>[\/et_pb_text][\/et_pb_column][et_pb_column type=\u00bb1_2&#8243; _builder_version=\u00bb4.16&#8243; custom_padding=\u00bb|||\u00bb global_colors_info=\u00bb{}\u00bb custom_padding__hover=\u00bb|||\u00bb][et_pb_image src=\u00bbhttps:\/\/econtainersolutions.com\/wp-content\/uploads\/2023\/07\/Energy-e1690455099178.jpg\u00bb title_text=\u00bbEnergy\u00bb align=\u00bbcenter\u00bb force_fullwidth=\u00bbon\u00bb _builder_version=\u00bb4.20.0&#8243; _module_preset=\u00bbdefault\u00bb background_color=\u00bb#525c87&#8243; background_image=\u00bbhttp:\/\/econtainersolutions.com\/wp-content\/uploads\/2023\/03\/NAVE-CON-LOGO-e1424770387332-1.jpg\u00bb animation_style=\u00bbfade\u00bb hover_enabled=\u00bb0&#8243; box_shadow_style=\u00bbpreset1&#8243; global_colors_info=\u00bb{}\u00bb sticky_enabled=\u00bb0&#8243;][\/et_pb_image][\/et_pb_column][\/et_pb_row][\/et_pb_section][et_pb_section fb_built=\u00bb1&#8243; admin_label=\u00bbTestimonial\u00bb _builder_version=\u00bb4.16&#8243; custom_margin=\u00bb||34px|||\u00bb custom_padding=\u00bb39px||39px||true|false\u00bb global_colors_info=\u00bb{}\u00bb][et_pb_row _builder_version=\u00bb4.16&#8243; global_colors_info=\u00bb{}\u00bb][et_pb_column type=\u00bb4_4&#8243; _builder_version=\u00bb4.16&#8243; custom_padding=\u00bb|||\u00bb global_colors_info=\u00bb{}\u00bb custom_padding__hover=\u00bb|||\u00bb][et_pb_text _builder_version=\u00bb4.20.0&#8243; text_font=\u00bb||||||||\u00bb header_font=\u00bb||||||||\u00bb header_2_font=\u00bbRubik|700|||||||\u00bb header_2_font_size=\u00bb42px\u00bb header_2_line_height=\u00bb1.2em\u00bb text_orientation=\u00bbcenter\u00bb module_alignment=\u00bbcenter\u00bb custom_margin=\u00bb|||\u00bb custom_padding=\u00bb|||\u00bb header_2_font_size_tablet=\u00bb\u00bb header_2_font_size_phone=\u00bb36px\u00bb header_2_font_size_last_edited=\u00bbon|phone\u00bb locked=\u00bboff\u00bb global_colors_info=\u00bb{}\u00bb]<h2>Misi\u00f3n\/Visi\u00f3n<\/h2>[\/et_pb_text][et_pb_divider color=\u00bb#ffb400&#8243; divider_position=\u00bbcenter\u00bb divider_weight=\u00bb5px\u00bb _builder_version=\u00bb4.16&#8243; max_width=\u00bb50px\u00bb module_alignment=\u00bbcenter\u00bb locked=\u00bboff\u00bb global_colors_info=\u00bb{}\u00bb][\/et_pb_divider][\/et_pb_column][\/et_pb_row][et_pb_row column_structure=\u00bb1_2,1_2&#8243; _builder_version=\u00bb4.20.0&#8243; _module_preset=\u00bbdefault\u00bb global_colors_info=\u00bb{}\u00bb][et_pb_column type=\u00bb1_2&#8243; _builder_version=\u00bb4.20.0&#8243; _module_preset=\u00bbdefault\u00bb global_colors_info=\u00bb{}\u00bb][et_pb_text _builder_version=\u00bb4.20.0&#8243; text_font=\u00bb||||||||\u00bb text_font_size=\u00bb15px\u00bb text_line_height=\u00bb1.8em\u00bb custom_margin=\u00bb0px||||false|false\u00bb custom_padding=\u00bb||13px|||\u00bb custom_padding_tablet=\u00bb|40px||40px||true\u00bb custom_padding_last_edited=\u00bboff|desktop\u00bb global_colors_info=\u00bb{}\u00bb]<blockquote><\/blockquote>\n<p style=\"text-align: justify;\"><span style=\"font-size: large;\">Ser una empresa de servicios y de integraci\u00f3n\/transformaci\u00f3n de soluciones en contenedores mar\u00edtimos proporcionando, al mismo tiempo, a nuestros clientes proyectos \u201ccontenerizados\u201d de\u00a0<strong>alta calidad<\/strong>\u00a0para poder realizar despliegues r\u00e1pidos, en cualquier destino de instalaciones industriales.<\/span><\/p>\n<blockquote><\/blockquote>[\/et_pb_text][\/et_pb_column][et_pb_column type=\u00bb1_2&#8243; _builder_version=\u00bb4.20.0&#8243; _module_preset=\u00bbdefault\u00bb global_colors_info=\u00bb{}\u00bb][et_pb_image src=\u00bbhttp:\/\/econtainersolutions.com\/wp-content\/uploads\/2023\/03\/PB050218-e1424770471437.jpg\u00bb title_text=\u00bbPB050218-e1424770471437&#8243; _builder_version=\u00bb4.20.0&#8243; _module_preset=\u00bbdefault\u00bb custom_margin=\u00bb-22px|||||\u00bb custom_padding=\u00bb12px|||||\u00bb box_shadow_style=\u00bbpreset1&#8243; global_colors_info=\u00bb{}\u00bb][\/et_pb_image][\/et_pb_column][\/et_pb_row][\/et_pb_section]\n","protected":false},"excerpt":{"rendered":"<p>Sobre nosotrosEmpresa dedicada a la transformaci\u00f3n e integraci\u00f3n de contenedores mar\u00edtimos.Lo que hacemos:Definimos las mejores soluciones con dise\u00f1os innovadores.Capaces de integrarlas en una soluci\u00f3n espacial.A partir de una idea o un esbozo de nuestros clientes.Origen Energy Container Solutions\u00a0nace en el a\u00f1o 2013 para dar respuesta a\u00a0 la necesidad creciente de proveer\u00a0soluciones de despliegue r\u00e1pido con [&hellip;]<\/p>\n","protected":false},"author":1,"featured_media":0,"parent":0,"menu_order":0,"comment_status":"closed","ping_status":"open","template":"","meta":{"_et_pb_use_builder":"on","_et_pb_old_content":"","_et_gb_content_width":"","footnotes":""},"class_list":["post-70","page","type-page","status-publish","hentry"],"yoast_head":"<!-- This site is optimized with the Yoast SEO plugin v23.7 - https:\/\/yoast.com\/wordpress\/plugins\/seo\/ -->\n<title>Empresa - Energy Containers Solutions<\/title>\n<meta name=\"description\" content=\"Sobre nosotros, empresa dedicada a la transformaci\u00f3n e integraci\u00f3n de contenedores mar\u00edtimos.\" \/>\n<meta name=\"robots\" content=\"index, follow, max-snippet:-1, max-image-preview:large, max-video-preview:-1\" \/>\n<link rel=\"canonical\" href=\"https:\/\/econtainersolutions.com\/?page_id=70\" \/>\n<meta property=\"og:locale\" content=\"es_ES\" \/>\n<meta property=\"og:type\" content=\"article\" \/>\n<meta property=\"og:title\" content=\"Empresa - Energy Containers Solutions\" \/>\n<meta property=\"og:description\" content=\"Sobre nosotros, empresa dedicada a la transformaci\u00f3n e integraci\u00f3n de contenedores mar\u00edtimos.\" \/>\n<meta property=\"og:url\" content=\"https:\/\/econtainersolutions.com\/?page_id=70\" \/>\n<meta property=\"og:site_name\" content=\"Energy Containers Solutions\" \/>\n<meta property=\"article:publisher\" content=\"https:\/\/www.facebook.com\/energycontainer\" \/>\n<meta property=\"article:modified_time\" content=\"2024-06-27T11:29:19+00:00\" \/>\n<meta name=\"twitter:card\" content=\"summary_large_image\" \/>\n<meta name=\"twitter:site\" content=\"@EnergyContainer\" \/>\n<meta name=\"twitter:label1\" content=\"Tiempo de lectura\" \/>\n\t<meta name=\"twitter:data1\" content=\"2 minutos\" \/>\n<script type=\"application\/ld+json\" class=\"yoast-schema-graph\">{\"@context\":\"https:\/\/schema.org\",\"@graph\":[{\"@type\":\"WebPage\",\"@id\":\"https:\/\/econtainersolutions.com\/?page_id=70\",\"url\":\"https:\/\/econtainersolutions.com\/?page_id=70\",\"name\":\"Empresa - Energy Containers Solutions\",\"isPartOf\":{\"@id\":\"https:\/\/econtainersolutions.com\/#website\"},\"datePublished\":\"2023-03-29T07:54:00+00:00\",\"dateModified\":\"2024-06-27T11:29:19+00:00\",\"description\":\"Sobre nosotros, empresa dedicada a la transformaci\u00f3n e integraci\u00f3n de contenedores mar\u00edtimos.\",\"breadcrumb\":{\"@id\":\"https:\/\/econtainersolutions.com\/?page_id=70#breadcrumb\"},\"inLanguage\":\"es\",\"potentialAction\":[{\"@type\":\"ReadAction\",\"target\":[\"https:\/\/econtainersolutions.com\/?page_id=70\"]}]},{\"@type\":\"BreadcrumbList\",\"@id\":\"https:\/\/econtainersolutions.com\/?page_id=70#breadcrumb\",\"itemListElement\":[{\"@type\":\"ListItem\",\"position\":1,\"name\":\"Portada\",\"item\":\"https:\/\/econtainersolutions.com\/\"},{\"@type\":\"ListItem\",\"position\":2,\"name\":\"Empresa\"}]},{\"@type\":\"WebSite\",\"@id\":\"https:\/\/econtainersolutions.com\/#website\",\"url\":\"https:\/\/econtainersolutions.com\/\",\"name\":\"Energy Containers Solutions\",\"description\":\"Empresa dedicada a la transformaci\u00f3n e integraci\u00f3n de contenedores mar\u00edtimos.\",\"publisher\":{\"@id\":\"https:\/\/econtainersolutions.com\/#organization\"},\"potentialAction\":[{\"@type\":\"SearchAction\",\"target\":{\"@type\":\"EntryPoint\",\"urlTemplate\":\"https:\/\/econtainersolutions.com\/?s={search_term_string}\"},\"query-input\":{\"@type\":\"PropertyValueSpecification\",\"valueRequired\":true,\"valueName\":\"search_term_string\"}}],\"inLanguage\":\"es\"},{\"@type\":\"Organization\",\"@id\":\"https:\/\/econtainersolutions.com\/#organization\",\"name\":\"Energy Containers Solutions\",\"url\":\"https:\/\/econtainersolutions.com\/\",\"logo\":{\"@type\":\"ImageObject\",\"inLanguage\":\"es\",\"@id\":\"https:\/\/econtainersolutions.com\/#\/schema\/logo\/image\/\",\"url\":\"http:\/\/econtainersolutions.com\/wp-content\/uploads\/2023\/03\/logo_ecs_retina.png\",\"contentUrl\":\"http:\/\/econtainersolutions.com\/wp-content\/uploads\/2023\/03\/logo_ecs_retina.png\",\"width\":280,\"height\":115,\"caption\":\"Energy Containers Solutions\"},\"image\":{\"@id\":\"https:\/\/econtainersolutions.com\/#\/schema\/logo\/image\/\"},\"sameAs\":[\"https:\/\/www.facebook.com\/energycontainer\",\"https:\/\/x.com\/EnergyContainer\",\"https:\/\/www.instagram.com\/energycontainer\/\"]}]}<\/script>\n<!-- \/ Yoast SEO plugin. -->","yoast_head_json":{"title":"Empresa - Energy Containers Solutions","description":"Sobre nosotros, empresa dedicada a la transformaci\u00f3n e integraci\u00f3n de contenedores mar\u00edtimos.","robots":{"index":"index","follow":"follow","max-snippet":"max-snippet:-1","max-image-preview":"max-image-preview:large","max-video-preview":"max-video-preview:-1"},"canonical":"https:\/\/econtainersolutions.com\/?page_id=70","og_locale":"es_ES","og_type":"article","og_title":"Empresa - Energy Containers Solutions","og_description":"Sobre nosotros, empresa dedicada a la transformaci\u00f3n e integraci\u00f3n de contenedores mar\u00edtimos.","og_url":"https:\/\/econtainersolutions.com\/?page_id=70","og_site_name":"Energy Containers Solutions","article_publisher":"https:\/\/www.facebook.com\/energycontainer","article_modified_time":"2024-06-27T11:29:19+00:00","twitter_card":"summary_large_image","twitter_site":"@EnergyContainer","twitter_misc":{"Tiempo de lectura":"2 minutos"},"schema":{"@context":"https:\/\/schema.org","@graph":[{"@type":"WebPage","@id":"https:\/\/econtainersolutions.com\/?page_id=70","url":"https:\/\/econtainersolutions.com\/?page_id=70","name":"Empresa - Energy Containers Solutions","isPartOf":{"@id":"https:\/\/econtainersolutions.com\/#website"},"datePublished":"2023-03-29T07:54:00+00:00","dateModified":"2024-06-27T11:29:19+00:00","description":"Sobre nosotros, empresa dedicada a la transformaci\u00f3n e integraci\u00f3n de contenedores mar\u00edtimos.","breadcrumb":{"@id":"https:\/\/econtainersolutions.com\/?page_id=70#breadcrumb"},"inLanguage":"es","potentialAction":[{"@type":"ReadAction","target":["https:\/\/econtainersolutions.com\/?page_id=70"]}]},{"@type":"BreadcrumbList","@id":"https:\/\/econtainersolutions.com\/?page_id=70#breadcrumb","itemListElement":[{"@type":"ListItem","position":1,"name":"Portada","item":"https:\/\/econtainersolutions.com\/"},{"@type":"ListItem","position":2,"name":"Empresa"}]},{"@type":"WebSite","@id":"https:\/\/econtainersolutions.com\/#website","url":"https:\/\/econtainersolutions.com\/","name":"Energy Containers Solutions","description":"Empresa dedicada a la transformaci\u00f3n e integraci\u00f3n de contenedores mar\u00edtimos.","publisher":{"@id":"https:\/\/econtainersolutions.com\/#organization"},"potentialAction":[{"@type":"SearchAction","target":{"@type":"EntryPoint","urlTemplate":"https:\/\/econtainersolutions.com\/?s={search_term_string}"},"query-input":{"@type":"PropertyValueSpecification","valueRequired":true,"valueName":"search_term_string"}}],"inLanguage":"es"},{"@type":"Organization","@id":"https:\/\/econtainersolutions.com\/#organization","name":"Energy Containers Solutions","url":"https:\/\/econtainersolutions.com\/","logo":{"@type":"ImageObject","inLanguage":"es","@id":"https:\/\/econtainersolutions.com\/#\/schema\/logo\/image\/","url":"http:\/\/econtainersolutions.com\/wp-content\/uploads\/2023\/03\/logo_ecs_retina.png","contentUrl":"http:\/\/econtainersolutions.com\/wp-content\/uploads\/2023\/03\/logo_ecs_retina.png","width":280,"height":115,"caption":"Energy Containers Solutions"},"image":{"@id":"https:\/\/econtainersolutions.com\/#\/schema\/logo\/image\/"},"sameAs":["https:\/\/www.facebook.com\/energycontainer","https:\/\/x.com\/EnergyContainer","https:\/\/www.instagram.com\/energycontainer\/"]}]}},"_links":{"self":[{"href":"https:\/\/econtainersolutions.com\/index.php?rest_route=\/wp\/v2\/pages\/70","targetHints":{"allow":["GET"]}}],"collection":[{"href":"https:\/\/econtainersolutions.com\/index.php?rest_route=\/wp\/v2\/pages"}],"about":[{"href":"https:\/\/econtainersolutions.com\/index.php?rest_route=\/wp\/v2\/types\/page"}],"author":[{"embeddable":true,"href":"https:\/\/econtainersolutions.com\/index.php?rest_route=\/wp\/v2\/users\/1"}],"replies":[{"embeddable":true,"href":"https:\/\/econtainersolutions.com\/index.php?rest_route=%2Fwp%2Fv2%2Fcomments&post=70"}],"version-history":[{"count":18,"href":"https:\/\/econtainersolutions.com\/index.php?rest_route=\/wp\/v2\/pages\/70\/revisions"}],"predecessor-version":[{"id":769,"href":"https:\/\/econtainersolutions.com\/index.php?rest_route=\/wp\/v2\/pages\/70\/revisions\/769"}],"wp:attachment":[{"href":"https:\/\/econtainersolutions.com\/index.php?rest_route=%2Fwp%2Fv2%2Fmedia&parent=70"}],"curies":[{"name":"wp","href":"https:\/\/api.w.org\/{rel}","templated":true}]}}